{"id":3842,"date":"2020-04-24T11:49:36","date_gmt":"2020-04-24T11:49:36","guid":{"rendered":"https:\/\/lemontmartre.ch\/product\/geschenkgutschein-montmartre\/"},"modified":"2024-07-16T13:52:47","modified_gmt":"2024-07-16T11:52:47","slug":"geschenkgutschein-montmartre","status":"publish","type":"product","link":"https:\/\/lemontmartre.ch\/en\/product\/geschenkgutschein-montmartre\/","title":{"rendered":"Geschenkgutschein Montmartre"},"content":{"rendered":"","protected":false},"excerpt":{"rendered":"<p>if you would like to support montmartre, you can do so by purchasing a voucher. we thank you for your valuable support and look forward to welcoming you soon.<\/p>\n<p>our vouchers are valid for one year and can be redeemed at montmartre. our vouchers cannot be exchanged for money.<\/p>\n<p>attention: unfortunately it is not possible to buy a voucher online until the end of august. a voucher can only be purchased on site during opening hours.<\/p>\n<p><a href=\"https:\/\/lemontmartre.ch\/en\/montmartre\/\" target=\"_blank\" rel=\"noopener noreferrer\">back to home<\/a><\/p>\n<p>&nbsp;<\/p>\n","protected":false},"featured_media":965,"comment_status":"open","ping_status":"closed","template":"","meta":{"_exactmetrics_skip_tracking":false,"_exactmetrics_sitenote_active":false,"_exactmetrics_sitenote_note":"","_exactmetrics_sitenote_category":0},"product_brand":[],"product_cat":[163],"product_tag":[],"class_list":{"0":"post-3842","1":"product","2":"type-product","3":"status-publish","4":"has-post-thumbnail","6":"product_cat-uncategorized","8":"first","9":"outofstock","10":"shipping-taxable","11":"purchasable","12":"product-type-variable","13":"has-default-attributes","14":"nyp-product"},"yoast_head":"<!-- This site is optimized with the Yoast SEO Premium plugin v24.1 (Yoast SEO v27.0) - https:\/\/yoast.com\/product\/yoast-seo-premium-wordpress\/ -->\n<title>gutschein montmartre | Unterst\u00fctze Montmartre in Zeiten Coronas<\/title>\n<meta name=\"description\" content=\"wenn Sie Franzos in diesen schwierigen Zeiten unterst\u00fctzen wollen, k\u00f6nnen Sie dies tun, indem Sie einen Geschenkgutschein kaufen - vielen Dank!\" \/>\n<meta name=\"robots\" content=\"index, follow, max-snippet:-1, max-image-preview:large, max-video-preview:-1\" \/>\n<link rel=\"canonical\" href=\"https:\/\/lemontmartre.ch\/en\/product\/geschenkgutschein-montmartre\/\" \/>\n<meta property=\"og:locale\" content=\"en_US\" \/>\n<meta property=\"og:type\" content=\"article\" \/>\n<meta property=\"og:title\" content=\"Geschenkgutschein Montmartre\" \/>\n<meta property=\"og:description\" content=\"wenn Sie Franzos in diesen schwierigen Zeiten unterst\u00fctzen wollen, k\u00f6nnen Sie dies tun, indem Sie einen Geschenkgutschein kaufen - vielen Dank!\" \/>\n<meta property=\"og:url\" content=\"https:\/\/lemontmartre.ch\/en\/product\/geschenkgutschein-montmartre\/\" \/>\n<meta property=\"og:site_name\" content=\"montmartre - caf\u00e8 et bistro et chambres\" \/>\n<meta property=\"article:publisher\" content=\"https:\/\/www.facebook.com\/montmartre.zurich\/\" \/>\n<meta property=\"article:modified_time\" content=\"2024-07-16T11:52:47+00:00\" \/>\n<meta property=\"og:image\" content=\"http:\/\/lemontmartre.ch\/wp-content\/uploads\/2020\/04\/Gutschein_montmartre-def.jpg\" \/>\n\t<meta property=\"og:image:width\" content=\"1200\" \/>\n\t<meta property=\"og:image:height\" content=\"1200\" \/>\n\t<meta property=\"og:image:type\" content=\"image\/jpeg\" \/>\n<meta name=\"twitter:card\" content=\"summary_large_image\" \/>\n<meta name=\"twitter:label1\" content=\"Est. reading time\" \/>\n\t<meta name=\"twitter:data1\" content=\"1 minute\" \/>\n<script type=\"application\/ld+json\" class=\"yoast-schema-graph\">{\"@context\":\"https:\/\/schema.org\",\"@graph\":[{\"@type\":\"WebPage\",\"@id\":\"https:\/\/lemontmartre.ch\/en\/product\/geschenkgutschein-montmartre\/\",\"url\":\"https:\/\/lemontmartre.ch\/en\/product\/geschenkgutschein-montmartre\/\",\"name\":\"gutschein montmartre | Unterst\u00fctze Montmartre in Zeiten Coronas\",\"isPartOf\":{\"@id\":\"https:\/\/lemontmartre.ch\/en\/#website\"},\"primaryImageOfPage\":{\"@id\":\"https:\/\/lemontmartre.ch\/en\/product\/geschenkgutschein-montmartre\/#primaryimage\"},\"image\":{\"@id\":\"https:\/\/lemontmartre.ch\/en\/product\/geschenkgutschein-montmartre\/#primaryimage\"},\"thumbnailUrl\":\"https:\/\/lemontmartre.ch\/wp-content\/uploads\/2020\/04\/Gutschein_montmartre-def.jpg\",\"datePublished\":\"2020-04-24T11:49:36+00:00\",\"dateModified\":\"2024-07-16T11:52:47+00:00\",\"description\":\"wenn Sie Franzos in diesen schwierigen Zeiten unterst\u00fctzen wollen, k\u00f6nnen Sie dies tun, indem Sie einen Geschenkgutschein kaufen - vielen Dank!\",\"breadcrumb\":{\"@id\":\"https:\/\/lemontmartre.ch\/en\/product\/geschenkgutschein-montmartre\/#breadcrumb\"},\"inLanguage\":\"en-US\",\"potentialAction\":[{\"@type\":\"ReadAction\",\"target\":[\"https:\/\/lemontmartre.ch\/en\/product\/geschenkgutschein-montmartre\/\"]}]},{\"@type\":\"ImageObject\",\"inLanguage\":\"en-US\",\"@id\":\"https:\/\/lemontmartre.ch\/en\/product\/geschenkgutschein-montmartre\/#primaryimage\",\"url\":\"https:\/\/lemontmartre.ch\/wp-content\/uploads\/2020\/04\/Gutschein_montmartre-def.jpg\",\"contentUrl\":\"https:\/\/lemontmartre.ch\/wp-content\/uploads\/2020\/04\/Gutschein_montmartre-def.jpg\",\"width\":1200,\"height\":1200},{\"@type\":\"BreadcrumbList\",\"@id\":\"https:\/\/lemontmartre.ch\/en\/product\/geschenkgutschein-montmartre\/#breadcrumb\",\"itemListElement\":[{\"@type\":\"ListItem\",\"position\":1,\"name\":\"Home\",\"item\":\"https:\/\/lemontmartre.ch\/en\/\"},{\"@type\":\"ListItem\",\"position\":2,\"name\":\"Products\",\"item\":\"https:\/\/lemontmartre.ch\/en\/shop\/\"},{\"@type\":\"ListItem\",\"position\":3,\"name\":\"Geschenkgutschein Montmartre\"}]},{\"@type\":\"WebSite\",\"@id\":\"https:\/\/lemontmartre.ch\/en\/#website\",\"url\":\"https:\/\/lemontmartre.ch\/en\/\",\"name\":\"montmartre - caf\u00e8 et bistro et chambres\",\"description\":\"\",\"publisher\":{\"@id\":\"https:\/\/lemontmartre.ch\/en\/#organization\"},\"potentialAction\":[{\"@type\":\"SearchAction\",\"target\":{\"@type\":\"EntryPoint\",\"urlTemplate\":\"https:\/\/lemontmartre.ch\/en\/?s={search_term_string}\"},\"query-input\":{\"@type\":\"PropertyValueSpecification\",\"valueRequired\":true,\"valueName\":\"search_term_string\"}}],\"inLanguage\":\"en-US\"},{\"@type\":[\"Organization\",\"Place\",\"Restaurant\"],\"@id\":\"https:\/\/lemontmartre.ch\/en\/#organization\",\"name\":\"Montmartre\",\"url\":\"https:\/\/lemontmartre.ch\/en\/\",\"logo\":{\"@id\":\"https:\/\/lemontmartre.ch\/en\/product\/geschenkgutschein-montmartre\/#local-main-organization-logo\"},\"image\":{\"@id\":\"https:\/\/lemontmartre.ch\/en\/product\/geschenkgutschein-montmartre\/#local-main-organization-logo\"},\"sameAs\":[\"https:\/\/www.facebook.com\/montmartre.zurich\/\",\"https:\/\/www.instagram.com\/montmartre_zurich\/\"],\"address\":{\"@id\":\"https:\/\/lemontmartre.ch\/en\/product\/geschenkgutschein-montmartre\/#local-main-place-address\"},\"telephone\":[\"044 211 19 20\"],\"openingHoursSpecification\":[{\"@type\":\"OpeningHoursSpecification\",\"dayOfWeek\":[\"Monday\",\"Tuesday\",\"Wednesday\",\"Thursday\"],\"opens\":\"08:00\",\"closes\":\"23:00\"},{\"@type\":\"OpeningHoursSpecification\",\"dayOfWeek\":[\"Friday\"],\"opens\":\"08:00\",\"closes\":\"00:00\"},{\"@type\":\"OpeningHoursSpecification\",\"dayOfWeek\":[\"Saturday\"],\"opens\":\"09:00\",\"closes\":\"00:00\"},{\"@type\":\"OpeningHoursSpecification\",\"dayOfWeek\":[\"Sunday\"],\"opens\":\"10:00\",\"closes\":\"18:00\"}],\"email\":\"bonjour@lemontmartre.ch\",\"priceRange\":\"$$\"},{\"@type\":\"PostalAddress\",\"@id\":\"https:\/\/lemontmartre.ch\/en\/product\/geschenkgutschein-montmartre\/#local-main-place-address\",\"streetAddress\":\"Weggengasse 4\",\"addressLocality\":\"Z\u00fcrich\",\"postalCode\":\"8001\",\"addressRegion\":\"Z\u00fcrich\",\"addressCountry\":\"CH\"},{\"@type\":\"ImageObject\",\"inLanguage\":\"en-US\",\"@id\":\"https:\/\/lemontmartre.ch\/en\/product\/geschenkgutschein-montmartre\/#local-main-organization-logo\",\"url\":\"https:\/\/lemontmartre.ch\/wp-content\/uploads\/2019\/01\/MM_Logo-e1549618494882.png\",\"contentUrl\":\"https:\/\/lemontmartre.ch\/wp-content\/uploads\/2019\/01\/MM_Logo-e1549618494882.png\",\"width\":1000,\"height\":672,\"caption\":\"Montmartre\"}]}<\/script>\n<meta name=\"geo.placename\" content=\"Z\u00fcrich\" \/>\n<meta name=\"geo.region\" content=\"Switzerland\" \/>\n<!-- \/ Yoast SEO Premium plugin. -->","yoast_head_json":{"title":"gutschein montmartre | Unterst\u00fctze Montmartre in Zeiten Coronas","description":"wenn Sie Franzos in diesen schwierigen Zeiten unterst\u00fctzen wollen, k\u00f6nnen Sie dies tun, indem Sie einen Geschenkgutschein kaufen - vielen Dank!","robots":{"index":"index","follow":"follow","max-snippet":"max-snippet:-1","max-image-preview":"max-image-preview:large","max-video-preview":"max-video-preview:-1"},"canonical":"https:\/\/lemontmartre.ch\/en\/product\/geschenkgutschein-montmartre\/","og_locale":"en_US","og_type":"article","og_title":"Geschenkgutschein Montmartre","og_description":"wenn Sie Franzos in diesen schwierigen Zeiten unterst\u00fctzen wollen, k\u00f6nnen Sie dies tun, indem Sie einen Geschenkgutschein kaufen - vielen Dank!","og_url":"https:\/\/lemontmartre.ch\/en\/product\/geschenkgutschein-montmartre\/","og_site_name":"montmartre - caf\u00e8 et bistro et chambres","article_publisher":"https:\/\/www.facebook.com\/montmartre.zurich\/","article_modified_time":"2024-07-16T11:52:47+00:00","og_image":[{"width":1200,"height":1200,"url":"http:\/\/lemontmartre.ch\/wp-content\/uploads\/2020\/04\/Gutschein_montmartre-def.jpg","type":"image\/jpeg"}],"twitter_card":"summary_large_image","twitter_misc":{"Est. reading time":"1 minute"},"schema":{"@context":"https:\/\/schema.org","@graph":[{"@type":"WebPage","@id":"https:\/\/lemontmartre.ch\/en\/product\/geschenkgutschein-montmartre\/","url":"https:\/\/lemontmartre.ch\/en\/product\/geschenkgutschein-montmartre\/","name":"gutschein montmartre | Unterst\u00fctze Montmartre in Zeiten Coronas","isPartOf":{"@id":"https:\/\/lemontmartre.ch\/en\/#website"},"primaryImageOfPage":{"@id":"https:\/\/lemontmartre.ch\/en\/product\/geschenkgutschein-montmartre\/#primaryimage"},"image":{"@id":"https:\/\/lemontmartre.ch\/en\/product\/geschenkgutschein-montmartre\/#primaryimage"},"thumbnailUrl":"https:\/\/lemontmartre.ch\/wp-content\/uploads\/2020\/04\/Gutschein_montmartre-def.jpg","datePublished":"2020-04-24T11:49:36+00:00","dateModified":"2024-07-16T11:52:47+00:00","description":"wenn Sie Franzos in diesen schwierigen Zeiten unterst\u00fctzen wollen, k\u00f6nnen Sie dies tun, indem Sie einen Geschenkgutschein kaufen - vielen Dank!","breadcrumb":{"@id":"https:\/\/lemontmartre.ch\/en\/product\/geschenkgutschein-montmartre\/#breadcrumb"},"inLanguage":"en-US","potentialAction":[{"@type":"ReadAction","target":["https:\/\/lemontmartre.ch\/en\/product\/geschenkgutschein-montmartre\/"]}]},{"@type":"ImageObject","inLanguage":"en-US","@id":"https:\/\/lemontmartre.ch\/en\/product\/geschenkgutschein-montmartre\/#primaryimage","url":"https:\/\/lemontmartre.ch\/wp-content\/uploads\/2020\/04\/Gutschein_montmartre-def.jpg","contentUrl":"https:\/\/lemontmartre.ch\/wp-content\/uploads\/2020\/04\/Gutschein_montmartre-def.jpg","width":1200,"height":1200},{"@type":"BreadcrumbList","@id":"https:\/\/lemontmartre.ch\/en\/product\/geschenkgutschein-montmartre\/#breadcrumb","itemListElement":[{"@type":"ListItem","position":1,"name":"Home","item":"https:\/\/lemontmartre.ch\/en\/"},{"@type":"ListItem","position":2,"name":"Products","item":"https:\/\/lemontmartre.ch\/en\/shop\/"},{"@type":"ListItem","position":3,"name":"Geschenkgutschein Montmartre"}]},{"@type":"WebSite","@id":"https:\/\/lemontmartre.ch\/en\/#website","url":"https:\/\/lemontmartre.ch\/en\/","name":"montmartre - caf\u00e8 et bistro et chambres","description":"","publisher":{"@id":"https:\/\/lemontmartre.ch\/en\/#organization"},"potentialAction":[{"@type":"SearchAction","target":{"@type":"EntryPoint","urlTemplate":"https:\/\/lemontmartre.ch\/en\/?s={search_term_string}"},"query-input":{"@type":"PropertyValueSpecification","valueRequired":true,"valueName":"search_term_string"}}],"inLanguage":"en-US"},{"@type":["Organization","Place","Restaurant"],"@id":"https:\/\/lemontmartre.ch\/en\/#organization","name":"Montmartre","url":"https:\/\/lemontmartre.ch\/en\/","logo":{"@id":"https:\/\/lemontmartre.ch\/en\/product\/geschenkgutschein-montmartre\/#local-main-organization-logo"},"image":{"@id":"https:\/\/lemontmartre.ch\/en\/product\/geschenkgutschein-montmartre\/#local-main-organization-logo"},"sameAs":["https:\/\/www.facebook.com\/montmartre.zurich\/","https:\/\/www.instagram.com\/montmartre_zurich\/"],"address":{"@id":"https:\/\/lemontmartre.ch\/en\/product\/geschenkgutschein-montmartre\/#local-main-place-address"},"telephone":["044 211 19 20"],"openingHoursSpecification":[{"@type":"OpeningHoursSpecification","dayOfWeek":["Monday","Tuesday","Wednesday","Thursday"],"opens":"08:00","closes":"23:00"},{"@type":"OpeningHoursSpecification","dayOfWeek":["Friday"],"opens":"08:00","closes":"00:00"},{"@type":"OpeningHoursSpecification","dayOfWeek":["Saturday"],"opens":"09:00","closes":"00:00"},{"@type":"OpeningHoursSpecification","dayOfWeek":["Sunday"],"opens":"10:00","closes":"18:00"}],"email":"bonjour@lemontmartre.ch","priceRange":"$$"},{"@type":"PostalAddress","@id":"https:\/\/lemontmartre.ch\/en\/product\/geschenkgutschein-montmartre\/#local-main-place-address","streetAddress":"Weggengasse 4","addressLocality":"Z\u00fcrich","postalCode":"8001","addressRegion":"Z\u00fcrich","addressCountry":"CH"},{"@type":"ImageObject","inLanguage":"en-US","@id":"https:\/\/lemontmartre.ch\/en\/product\/geschenkgutschein-montmartre\/#local-main-organization-logo","url":"https:\/\/lemontmartre.ch\/wp-content\/uploads\/2019\/01\/MM_Logo-e1549618494882.png","contentUrl":"https:\/\/lemontmartre.ch\/wp-content\/uploads\/2019\/01\/MM_Logo-e1549618494882.png","width":1000,"height":672,"caption":"Montmartre"}]},"geo.placename":"Z\u00fcrich","geo.region":"Switzerland"},"_links":{"self":[{"href":"https:\/\/lemontmartre.ch\/en\/wp-json\/wp\/v2\/product\/3842","targetHints":{"allow":["GET"]}}],"collection":[{"href":"https:\/\/lemontmartre.ch\/en\/wp-json\/wp\/v2\/product"}],"about":[{"href":"https:\/\/lemontmartre.ch\/en\/wp-json\/wp\/v2\/types\/product"}],"replies":[{"embeddable":true,"href":"https:\/\/lemontmartre.ch\/en\/wp-json\/wp\/v2\/comments?post=3842"}],"wp:featuredmedia":[{"embeddable":true,"href":"https:\/\/lemontmartre.ch\/en\/wp-json\/wp\/v2\/media\/965"}],"wp:attachment":[{"href":"https:\/\/lemontmartre.ch\/en\/wp-json\/wp\/v2\/media?parent=3842"}],"wp:term":[{"taxonomy":"product_brand","embeddable":true,"href":"https:\/\/lemontmartre.ch\/en\/wp-json\/wp\/v2\/product_brand?post=3842"},{"taxonomy":"product_cat","embeddable":true,"href":"https:\/\/lemontmartre.ch\/en\/wp-json\/wp\/v2\/product_cat?post=3842"},{"taxonomy":"product_tag","embeddable":true,"href":"https:\/\/lemontmartre.ch\/en\/wp-json\/wp\/v2\/product_tag?post=3842"}],"curies":[{"name":"wp","href":"https:\/\/api.w.org\/{rel}","templated":true}]}}